{"id":60,"date":"2022-07-22T14:53:10","date_gmt":"2022-07-22T14:53:10","guid":{"rendered":"https:\/\/petrabach.de\/?page_id=60"},"modified":"2024-05-25T16:34:32","modified_gmt":"2024-05-25T16:34:32","slug":"info","status":"publish","type":"page","link":"https:\/\/petrabach.de\/?page_id=60","title":{"rendered":"Hallo, \u2026"},"content":{"rendered":"\r\n<p class=\"wp-block-paragraph\"><img loading=\"lazy\" decoding=\"async\" class=\"alignnone  wp-image-326\" src=\"https:\/\/petrabach.de\/wp-content\/uploads\/2023\/12\/IMG_0198-300x200.jpeg\" alt=\"\" width=\"603\" height=\"402\" srcset=\"https:\/\/petrabach.de\/wp-content\/uploads\/2023\/12\/IMG_0198-300x200.jpeg 300w, https:\/\/petrabach.de\/wp-content\/uploads\/2023\/12\/IMG_0198-1024x683.jpeg 1024w, https:\/\/petrabach.de\/wp-content\/uploads\/2023\/12\/IMG_0198-768x512.jpeg 768w, https:\/\/petrabach.de\/wp-content\/uploads\/2023\/12\/IMG_0198-1536x1024.jpeg 1536w, https:\/\/petrabach.de\/wp-content\/uploads\/2023\/12\/IMG_0198-2048x1365.jpeg 2048w, https:\/\/petrabach.de\/wp-content\/uploads\/2023\/12\/IMG_0198-660x440.jpeg 660w, https:\/\/petrabach.de\/wp-content\/uploads\/2023\/12\/IMG_0198-1000x667.jpeg 1000w, https:\/\/petrabach.de\/wp-content\/uploads\/2023\/12\/IMG_0198-373x248.jpeg 373w\" sizes=\"auto, (max-width: 603px) 100vw, 603px\" \/><\/p>\r\n<h2>\u2026 ich \u00a0bin Petra.<\/h2>\r\n<p>&nbsp;<\/p>\r\n<blockquote>\r\n<p><strong>Als gelernte Werbekauffrau und studierte Kulturmanagerin bin ich f\u00fcr K\u00fcnstler:innen, Kulturbetriebe und Wirtschaftsunternehmen t\u00e4tig. Daher kenne ich den jeweiligen ganz eigenen Takt, in dem sie sich bewegen. \u00a0<\/strong><\/p>\r\n<\/blockquote>\r\n<p><b>AUSWAHL | REFERENZEN \u00a0| SEIT 1995\u00a0<\/b><\/p>\r\n<p>\u2026 AUSSTELLUNGEN \u00a0 ARTANDBUTTER \u00a0 AAB IM DIALOG \u00a0 AAB SUPPER CLUB \u00a0 AAB VISIT \u00a0 ARTBAHNEN: ASELMANN HOGHE DECKERT MASUYAMA MEYER BALTZER \u00a0 EUROPABAHN \u00a0 FREIGEISTERBAHN \u00a0HOFGARTENBAHN \u00a0 ART AT HOME PROJEKT VON H. MASUYAMA \u00a0 BILDHAUERSYMPOSIUM: G\u00dcTERBAHNHOF HH-BERGEDORF \u00a0 F\u00dcHRUNGEN \u00a0 GALERIE KIDS \u00a0 GALERIE (BACH) J\u00c4GER &amp; PARTNER HH \u00a0 GALERIE IM TANZHAUS NRW \u00a0 JURY MITGLIED \u00a0 Ki\u00d6R PROJEKTE IN D\u00dcSSELDORF ESSEN HAMBURG \u00a0 KULTURLOTSIN HH \u00a0 KOMPRA \u00a0 KUNSTMANAGEMENT: KOKUS EV HAMBURG \u00a0 KULTURMANAGEMENT \u00a0 KUNSTLABOR \u00a0 KUNST BEWEGT \u00a0 KUNSTB\u00dcRO BACH \/ SELBECK \u00a0KUNST PRIVAT \u00a0 KULTUR UND WIRTSCHAFT IM DIALOG \u00a0|WIRTSCHAFTSFORUM HH \u00a0 KUNST UND WIRTSCHAFT U.A. ROLAND BERGER FFM. GEBR. GLUNZ HH \u00a0RHEINBAHN DSSD \u00a0 KUNST + WOHNEN \u00a0 KUNSTPAUSE: MITTAGSPAUSE \u00a0 KUNSTPREIS WASSER \u00a0 KUNSTSAFARI \u00a0 KUNST IM PRIVATEN RAUM \u00a0 KURATIONEN \u00a0LIVINGARTROOM \u00a0 MK21 \u00a0 GASTPROFESSUR: PENTIMENTE \u00a0 PROJEKTE \u00a0 RHEINBAHN F\u00d6RDERPREIS F\u00dcR KUNST DESIGN UND FOTOGRAFIE \u00a0 \u00a0 SKULPTURENLANDSCHAFT HH \u00a0 TEXTE F\u00dcR KATALOGE AUSSTELLUNGEN \u00a0WETTBEWERBE UND WEBSITES \u00a0TEILNAHME AN DER PHOTOTRIENNALE HAMBURG \u00a0VORTR\u00c4GE \u00a0 WORKSHOPS &#8211; SEMINARE &#8211; COACHING: KUNST ALS BERUF U.A. KUNSTAKADEMIE HAW HAMBURG BBK GEDOK AAB \u00a0 WETTBEWERBE \u00a0 YOUNG CITY ART \u2026 \u2026 &#8230;.. \u00a0<\/p>\r\n<p><strong>KUNDEN (subjektive Auswahl):<br \/><\/strong><br \/>Roland Berger Strategy Consultants GmbH, Frankfurt<\/p>\r\n<p>Bergedorfer Zeitung | Axel Springer Verlag, Hamburg<\/p>\r\n<p>BMW Group Hamburg<\/p>\r\n<p>Deichmann Gruppe<\/p>\r\n<p>Freunde der Kunsthalle Hamburg e.V.<\/p>\r\n<p>Gustav A. Cellarius, Hamburg<\/p>\r\n<p>Gebr. Glunz GmbH, Hamburg<\/p>\r\n<p>Haspa Hamburg<\/p>\r\n<p>HypoVereinsbank, Hamburg<\/p>\r\n<p>KOKUS e.V., Hamburg<\/p>\r\n<p>Marks Einrichtungen, Hamburg<\/p>\r\n<p>Rheinbahn AG, D\u00fcsseldorf<\/p>\r\n<p>Siemens AG, D\u00fcsseldorf<\/p>\r\n<p>Soroptimist International Club D\u00fcsseldorf Pempelfort<\/p>\r\n<p>Stiftung der Bergedorf Bille Wbg eG, Hamburg<\/p>\r\n<p>Tanzhaus NRW, D\u00fcsseldorf<\/p>\r\n<p>Verlagsgruppe Handelsblatt, D\u00fcsseldorf<\/p>\r\n<p>Werbemuseum, D\u00fcsseldorf \/ Frankfurt<\/p>\r\n<p>Wirtschaftsforum Hamburg-Bergedorf<\/p>\r\n<p>WSB Hamburg-Bergedorf<\/p>\r\n","protected":false},"excerpt":{"rendered":"<p>\u2026 ich \u00a0bin Petra. &nbsp; Als gelernte Werbekauffrau und studierte Kulturmanagerin bin ich f\u00fcr K\u00fcnstler:innen, Kulturbetriebe und Wirtschaftsunternehmen t\u00e4tig. Daher kenne ich den jeweiligen ganz eigenen Takt, in dem sie&hellip; <a class=\"excerpt-more-link\" href=\"https:\/\/petrabach.de\/?page_id=60\">Weiterlesen<\/a><\/p>\n","protected":false},"author":1,"featured_media":0,"parent":0,"menu_order":0,"comment_status":"closed","ping_status":"closed","template":"","meta":{"_crdt_document":"","footnotes":""},"class_list":["post-60","page","type-page","status-publish","hentry"],"jetpack_sharing_enabled":true,"_links":{"self":[{"href":"https:\/\/petrabach.de\/index.php?rest_route=\/wp\/v2\/pages\/60","targetHints":{"allow":["GET"]}}],"collection":[{"href":"https:\/\/petrabach.de\/index.php?rest_route=\/wp\/v2\/pages"}],"about":[{"href":"https:\/\/petrabach.de\/index.php?rest_route=\/wp\/v2\/types\/page"}],"author":[{"embeddable":true,"href":"https:\/\/petrabach.de\/index.php?rest_route=\/wp\/v2\/users\/1"}],"replies":[{"embeddable":true,"href":"https:\/\/petrabach.de\/index.php?rest_route=%2Fwp%2Fv2%2Fcomments&post=60"}],"version-history":[{"count":29,"href":"https:\/\/petrabach.de\/index.php?rest_route=\/wp\/v2\/pages\/60\/revisions"}],"predecessor-version":[{"id":375,"href":"https:\/\/petrabach.de\/index.php?rest_route=\/wp\/v2\/pages\/60\/revisions\/375"}],"wp:attachment":[{"href":"https:\/\/petrabach.de\/index.php?rest_route=%2Fwp%2Fv2%2Fmedia&parent=60"}],"curies":[{"name":"wp","href":"https:\/\/api.w.org\/{rel}","templated":true}]}}